{"id":3575,"date":"2022-10-19T16:04:01","date_gmt":"2022-10-19T19:04:01","guid":{"rendered":"https:\/\/www.roldan.gov.ar\/wp\/?page_id=3575"},"modified":"2024-04-12T19:50:37","modified_gmt":"2024-04-12T22:50:37","slug":"requisitos-para-ferias-2","status":"publish","type":"page","link":"https:\/\/www.roldan.gov.ar\/wp\/requisitos-para-ferias-2\/","title":{"rendered":"Requisitos para Ferias"},"content":{"rendered":"\n<figure class=\"wp-block-image size-full\"><img decoding=\"async\" loading=\"lazy\" width=\"900\" height=\"506\" src=\"https:\/\/www.roldan.gov.ar\/wp\/wp-content\/uploads\/2022\/10\/FERIA.jpg\" alt=\"\" class=\"wp-image-3576\" srcset=\"https:\/\/www.roldan.gov.ar\/wp\/wp-content\/uploads\/2022\/10\/FERIA.jpg 900w, https:\/\/www.roldan.gov.ar\/wp\/wp-content\/uploads\/2022\/10\/FERIA-300x169.jpg 300w, https:\/\/www.roldan.gov.ar\/wp\/wp-content\/uploads\/2022\/10\/FERIA-768x432.jpg 768w\" sizes=\"(max-width: 900px) 100vw, 900px\" \/><\/figure>\n\n\n\n<p>Las ferias de emprendedores, artesanos, comidas org\u00e1nicas o regionales, o eventos en los cuales participen feriantes; realizadas al aire libre en espacios p\u00fablicos deben considerar los siguientes aspectos:<\/p>\n\n\n\n<ul>\n<li>Solicitud de autorizaci\u00f3n para la realizaci\u00f3n, fecha y breve croquis del evento como as\u00ed tambi\u00e9n si requerir\u00e1 de la presencia de la Guardia Urbana<\/li>\n\n\n\n<li>Listado positivo de alimentos comercializables en la v\u00eda p\u00fablica adjunto a la presente, disponible en la web en el \u00e1rea de Bromatolog\u00eda.<\/li>\n\n\n\n<li>Carnet de Manipulaci\u00f3n de Alimentos si as\u00ed corresponde. Para inscribirse al curso y gestionar el mismo escribir al Whatsapp 3416490681, a <a href=\"mailto:bromatologia@roldan.gov.ar\">bromatologia@roldan.gov.ar<\/a> &nbsp;o en personalmente en Rioja 642<\/li>\n<\/ul>\n\n\n\n<p>Los requisitos mencionados son orientativos, para la habilitaci\u00f3n del evento debe informarse en el \u00e1rea de Comercio en funci\u00f3n a la masividad del mismo a los siguientes contactos:<br><br><\/p>\n\n\n\n<p><a href=\"mailto:comercio@roldan.gov.ar\">comercio@roldan.gov.ar<\/a><\/p>\n\n\n\n<p>Tel. 0341&nbsp; &#8211; 153384484<\/p>\n","protected":false},"excerpt":{"rendered":"<p>Las ferias de emprendedores, artesanos, comidas org\u00e1nicas o regionales, o eventos en los cuales participen feriantes; realizadas al aire libre en espacios p\u00fablicos deben considerar los siguientes aspectos: Los requisitos mencionados son orientativos, para la habilitaci\u00f3n del evento debe informarse en el \u00e1rea de Comercio en funci\u00f3n a la masividad del mismo a los siguientes [&hellip;]<\/p>\n","protected":false},"author":6,"featured_media":0,"parent":0,"menu_order":0,"comment_status":"closed","ping_status":"closed","template":"","meta":[],"acf":[],"_links":{"self":[{"href":"https:\/\/www.roldan.gov.ar\/wp\/wp-json\/wp\/v2\/pages\/3575"}],"collection":[{"href":"https:\/\/www.roldan.gov.ar\/wp\/wp-json\/wp\/v2\/pages"}],"about":[{"href":"https:\/\/www.roldan.gov.ar\/wp\/wp-json\/wp\/v2\/types\/page"}],"author":[{"embeddable":true,"href":"https:\/\/www.roldan.gov.ar\/wp\/wp-json\/wp\/v2\/users\/6"}],"replies":[{"embeddable":true,"href":"https:\/\/www.roldan.gov.ar\/wp\/wp-json\/wp\/v2\/comments?post=3575"}],"version-history":[{"count":3,"href":"https:\/\/www.roldan.gov.ar\/wp\/wp-json\/wp\/v2\/pages\/3575\/revisions"}],"predecessor-version":[{"id":7560,"href":"https:\/\/www.roldan.gov.ar\/wp\/wp-json\/wp\/v2\/pages\/3575\/revisions\/7560"}],"wp:attachment":[{"href":"https:\/\/www.roldan.gov.ar\/wp\/wp-json\/wp\/v2\/media?parent=3575"}],"curies":[{"name":"wp","href":"https:\/\/api.w.org\/{rel}","templated":true}]}}