{"id":1588,"date":"2022-04-30T16:33:41","date_gmt":"2022-04-30T19:33:41","guid":{"rendered":"https:\/\/www.roldan.gov.ar\/wp\/?page_id=1588"},"modified":"2022-04-30T16:38:32","modified_gmt":"2022-04-30T19:38:32","slug":"como-debo-depositar-los-residuos-verdes","status":"publish","type":"page","link":"https:\/\/www.roldan.gov.ar\/wp\/como-debo-depositar-los-residuos-verdes\/","title":{"rendered":"\u00bfC\u00f3mo debo depositar los residuos verdes?"},"content":{"rendered":"\n<figure class=\"wp-block-image size-full\"><img decoding=\"async\" loading=\"lazy\" width=\"480\" height=\"298\" src=\"https:\/\/www.roldan.gov.ar\/wp\/wp-content\/uploads\/2022\/04\/A-99417-08-2016-pasto-embolsado.jpg\" alt=\"\" class=\"wp-image-1590\" srcset=\"https:\/\/www.roldan.gov.ar\/wp\/wp-content\/uploads\/2022\/04\/A-99417-08-2016-pasto-embolsado.jpg 480w, https:\/\/www.roldan.gov.ar\/wp\/wp-content\/uploads\/2022\/04\/A-99417-08-2016-pasto-embolsado-300x186.jpg 300w\" sizes=\"(max-width: 480px) 100vw, 480px\" \/><\/figure>\n\n\n\n<ul><li>Restos de poda: hasta 6 bolsas tipo de consorcio o 6 fardos bien atados, en un di\u00e1metro m\u00e1ximo de 50 cm y largo libre. Dicho volumen aproximado no deber\u00e1 superar 1m3.<\/li><li>C\u00e9sped, plantas y hojas: deben ir en bolsas de tipo consorcio no superando la cantidad de 6.<\/li><li>No arrojarlos dentro o en el entorno de los contenedores. Si las cantidades exceden lo establecido o se trata de restos de poda de di\u00e1metros superiores a los 20 cm se debe contratar un volquete.<\/li><\/ul>\n\n\n\n<p><strong>De lo contrario se aplicar\u00e1n las sanciones estipuladas en el c\u00f3digo Municipal de Faltas<\/strong><\/p>\n","protected":false},"excerpt":{"rendered":"<p>Restos de poda: hasta 6 bolsas tipo de consorcio o 6 fardos bien atados, en un di\u00e1metro m\u00e1ximo de 50 cm y largo libre. Dicho volumen aproximado no deber\u00e1 superar 1m3. C\u00e9sped, plantas y hojas: deben ir en bolsas de tipo consorcio no superando la cantidad de 6. No arrojarlos dentro o en el entorno [&hellip;]<\/p>\n","protected":false},"author":6,"featured_media":0,"parent":0,"menu_order":0,"comment_status":"closed","ping_status":"closed","template":"","meta":[],"acf":[],"_links":{"self":[{"href":"https:\/\/www.roldan.gov.ar\/wp\/wp-json\/wp\/v2\/pages\/1588"}],"collection":[{"href":"https:\/\/www.roldan.gov.ar\/wp\/wp-json\/wp\/v2\/pages"}],"about":[{"href":"https:\/\/www.roldan.gov.ar\/wp\/wp-json\/wp\/v2\/types\/page"}],"author":[{"embeddable":true,"href":"https:\/\/www.roldan.gov.ar\/wp\/wp-json\/wp\/v2\/users\/6"}],"replies":[{"embeddable":true,"href":"https:\/\/www.roldan.gov.ar\/wp\/wp-json\/wp\/v2\/comments?post=1588"}],"version-history":[{"count":2,"href":"https:\/\/www.roldan.gov.ar\/wp\/wp-json\/wp\/v2\/pages\/1588\/revisions"}],"predecessor-version":[{"id":1594,"href":"https:\/\/www.roldan.gov.ar\/wp\/wp-json\/wp\/v2\/pages\/1588\/revisions\/1594"}],"wp:attachment":[{"href":"https:\/\/www.roldan.gov.ar\/wp\/wp-json\/wp\/v2\/media?parent=1588"}],"curies":[{"name":"wp","href":"https:\/\/api.w.org\/{rel}","templated":true}]}}