{"id":11200,"date":"2025-03-14T14:55:19","date_gmt":"2025-03-14T17:55:19","guid":{"rendered":"https:\/\/www.roldan.gov.ar\/wp\/?page_id=11200"},"modified":"2026-03-01T19:52:05","modified_gmt":"2026-03-01T22:52:05","slug":"talleres-culturales-2026","status":"publish","type":"page","link":"https:\/\/www.roldan.gov.ar\/wp\/talleres-culturales-2026\/","title":{"rendered":"Talleres Culturales 2026"},"content":{"rendered":"<p>[vc_row][vc_column][vc_column_text]\n<p>ROLD\u00c1N: LA MUNICIPALIDAD PONE EN MARCHA M\u00c1S DE 40 TALLERES PARA EL 2026<\/p>\n<p>La Secretar\u00eda de Cultura, Educaci\u00f3n, Turismo y Deporte de la Municipalidad de Rold\u00e1n anunci\u00f3 los detalles de los diversos talleres que se llevar\u00e1n a cabo durante 2026, en diferentes d\u00edas, horarios y espacios de la ciudad.<\/p>\n<p>Talleres Culturales<\/p>\n<p>Los talleres culturales est\u00e1n orientados al esparcimiento y la recreaci\u00f3n, con un amplio abanico de propuestas que incluyen idiomas, deportes y expresiones art\u00edsticas.<\/p>\n<p>Entre las ofertas se encuentran: A Jugar; Abrapalabra; Adultos Mayores; \u00c1rabe, Flamenco y Casta\u00f1uelas; Arte y Pintura; Banda; Canto; Cer\u00e1mica Ancestral; Comedia Musical; Construcci\u00f3n de Juguetes; Coro; Crochet; Cumbia; Dance Fitness; Danza Cl\u00e1sica; Ensamble; Entrenamiento Funcional; Entrenamiento y Ritmo; Folclore; Fotograf\u00eda; Hard Cardio; Italiano; Lengua de Se\u00f1as; Mosaiquismo; Salsa; Taekwondo; Teatro para Adultos; Telar; Telas; Viol\u00edn y Yoga.<\/p>\n<p>Talleres de Formaci\u00f3n Laboral<\/p>\n<p>Los talleres de formaci\u00f3n laboral tienen como objetivo brindar una capacitaci\u00f3n que pueda ser aplicada profesionalmente por quienes asistan.<\/p>\n<p>Entre las propuestas se destacan: Cer\u00e1mica; Crochet; Dibujo; Dise\u00f1o y Confecci\u00f3n; Encuadernaci\u00f3n; Falso Vitraux; Globolog\u00eda; Organizaci\u00f3n de Eventos; Peluquer\u00eda; Sommelier; Sublimaci\u00f3n; Video y Cine.<\/p>\n<p>Las personas interesadas en inscribirse o recibir m\u00e1s informaci\u00f3n pueden comunicarse al WhatsApp 341 2133020, escribir al correo electr\u00f3nico cultura@roldan.gov.ar o acercarse personalmente a la Sede de Cultura, ubicada en Bulevar L\u00f3pez 643, de lunes a viernes de 7:30 a 18:30 horas.<\/p>\n<p>\u201cCon esta amplia oferta, desde la Municipalidad buscamos fomentar la participaci\u00f3n activa de la comunidad. No importa la edad ni el inter\u00e9s, siempre habr\u00e1 algo para disfrutar y aprender\u201d, destac\u00f3 la secretaria de Cultura, Educaci\u00f3n, Deporte y Turismo, Ana Clara Reijember.<\/p>\n<p>[\/vc_column_text][\/vc_column][\/vc_row][vc_row][vc_column][vc_images_carousel images=&#8221;14062,14029,14030,14031,14032,14033,14034,14035,14036,14037,14038,14039,14040,14041,14042,14043,14044,14045,14046,14047,14048,14049,14050,14051,14052,14053,14054,14055,14056,14057,14058,14059,14060,14061&#8243; img_size=&#8221;medium&#8221; autoplay=&#8221;yes&#8221; wrap=&#8221;yes&#8221; title=&#8221;Talleres Culturales 2026&#8243;][vc_images_carousel images=&#8221;14075,14063,14064,14065,14066,14067,14068,14069,14070,14071,14072,14073,14074&#8243; img_size=&#8221;medium&#8221; autoplay=&#8221;yes&#8221; wrap=&#8221;yes&#8221; title=&#8221;Talleres de Formaci\u00f3n Laboral 2026&#8243;][\/vc_column][\/vc_row]\n","protected":false},"excerpt":{"rendered":"<p>[vc_row][vc_column][vc_column_text] ROLD\u00c1N: LA MUNICIPALIDAD PONE EN MARCHA M\u00c1S DE 40 TALLERES PARA EL 2026 La Secretar\u00eda de Cultura, Educaci\u00f3n, Turismo y Deporte de la Municipalidad de Rold\u00e1n anunci\u00f3 los detalles de los diversos talleres que se llevar\u00e1n a cabo durante 2026, en diferentes d\u00edas, horarios y espacios de la ciudad. Talleres Culturales Los talleres culturales [&hellip;]<\/p>\n","protected":false},"author":6,"featured_media":11241,"parent":0,"menu_order":0,"comment_status":"closed","ping_status":"closed","template":"","meta":[],"acf":[],"_links":{"self":[{"href":"https:\/\/www.roldan.gov.ar\/wp\/wp-json\/wp\/v2\/pages\/11200"}],"collection":[{"href":"https:\/\/www.roldan.gov.ar\/wp\/wp-json\/wp\/v2\/pages"}],"about":[{"href":"https:\/\/www.roldan.gov.ar\/wp\/wp-json\/wp\/v2\/types\/page"}],"author":[{"embeddable":true,"href":"https:\/\/www.roldan.gov.ar\/wp\/wp-json\/wp\/v2\/users\/6"}],"replies":[{"embeddable":true,"href":"https:\/\/www.roldan.gov.ar\/wp\/wp-json\/wp\/v2\/comments?post=11200"}],"version-history":[{"count":8,"href":"https:\/\/www.roldan.gov.ar\/wp\/wp-json\/wp\/v2\/pages\/11200\/revisions"}],"predecessor-version":[{"id":14076,"href":"https:\/\/www.roldan.gov.ar\/wp\/wp-json\/wp\/v2\/pages\/11200\/revisions\/14076"}],"wp:featuredmedia":[{"embeddable":true,"href":"https:\/\/www.roldan.gov.ar\/wp\/wp-json\/wp\/v2\/media\/11241"}],"wp:attachment":[{"href":"https:\/\/www.roldan.gov.ar\/wp\/wp-json\/wp\/v2\/media?parent=11200"}],"curies":[{"name":"wp","href":"https:\/\/api.w.org\/{rel}","templated":true}]}}