{"id":10463,"date":"2024-10-28T16:38:53","date_gmt":"2024-10-28T19:38:53","guid":{"rendered":"https:\/\/www.roldan.gov.ar\/wp\/?page_id=10463"},"modified":"2024-10-28T16:44:57","modified_gmt":"2024-10-28T19:44:57","slug":"paulalocelso","status":"publish","type":"page","link":"https:\/\/www.roldan.gov.ar\/wp\/paulalocelso\/","title":{"rendered":"Paula Lo Celso"},"content":{"rendered":"<p>[vc_row][vc_column][vc_column_text]\r\n<p>.<\/p>\r\n<p>\u00a0<\/p>\r\n\r\n<div class=\"wp-block-media-text alignwide has-media-on-the-right is-stacked-on-mobile is-vertically-aligned-center has-background\" style=\"background-color: #f1f5c7;\">\r\n<div class=\"wp-block-media-text__content\">\r\n<div class=\"is-layout-flow wp-block-group\" style=\"padding: 2em;\"><div class=\"wp-block-group__inner-container\">\r\n<p style=\"font-size: 36px; line-height: 1.2;\"><strong>Paula Lo Celso<\/strong><\/p>\r\n<p>Profesora de Educaci\u00f3n Preescolar. Operadora en los Servicios para la Infancia (Fondo Social Europeo, Italia). Educadora de Masaje Infantil (AIMI). Licenciada en Pedagog\u00eda Social (USAL). Gu\u00eda Montessori Casa de Ni\u00f1os 3-6 a\u00f1os (AMI &#8211; FAMM). Cursos de Orientaci\u00f3n Montessori en Comunidad Infantil 0-3 a\u00f1os y Taller 6-12 a\u00f1os (Chile). Ha sido tutora en formaciones organizadas por el INFoD. Creadora de la Fundaci\u00f3n \u201cHumano\u201d, dicta y organiza cursos sobre acompa\u00f1ar las infancias de manera respetuosa, con oradores nacionales e internacionales. Asesora y acompa\u00f1a proyectos que buscan re-significar sus pr\u00e1cticas cotidianas, proponiendo encuentros formativos y reflexivos con docentes y familias<\/p>\r\n<p><\/p>\r\n<\/div><\/div>\r\n<p><\/p>\r\n<\/div>\r\n<figure class=\"wp-block-media-text__media\"><img decoding=\"async\" loading=\"lazy\" class=\"alignnone wp-image-10464 size-medium\" src=\"https:\/\/www.roldan.gov.ar\/wp\/wp-content\/uploads\/2024\/10\/FOTO-PAULA-LO-CELSO-225x300.png\" alt=\"\" width=\"225\" height=\"300\" srcset=\"https:\/\/www.roldan.gov.ar\/wp\/wp-content\/uploads\/2024\/10\/FOTO-PAULA-LO-CELSO-225x300.png 225w, https:\/\/www.roldan.gov.ar\/wp\/wp-content\/uploads\/2024\/10\/FOTO-PAULA-LO-CELSO-768x1024.png 768w, https:\/\/www.roldan.gov.ar\/wp\/wp-content\/uploads\/2024\/10\/FOTO-PAULA-LO-CELSO.png 960w\" sizes=\"(max-width: 225px) 100vw, 225px\" \/><\/figure>\r\n<\/div>\r\n<p>\u00a0<\/p>\r\n<p>[\/vc_column_text][vc_images_carousel images=&#8221;10468&#8243; img_size=&#8221;full&#8221; autoplay=&#8221;yes&#8221; wrap=&#8221;yes&#8221; title=&#8221;Libros del Autor&#8221;][\/vc_column][\/vc_row]","protected":false},"excerpt":{"rendered":"<p>[vc_row][vc_column][vc_column_text] . \u00a0 \u00a0 [\/vc_column_text][vc_images_carousel images=&#8221;10468&#8243; img_size=&#8221;full&#8221; autoplay=&#8221;yes&#8221; wrap=&#8221;yes&#8221; title=&#8221;Libros del Autor&#8221;][\/vc_column][\/vc_row]<\/p>\n","protected":false},"author":6,"featured_media":10160,"parent":0,"menu_order":0,"comment_status":"closed","ping_status":"closed","template":"page-templates\/not-boxed-without-title.php","meta":[],"acf":[],"_links":{"self":[{"href":"https:\/\/www.roldan.gov.ar\/wp\/wp-json\/wp\/v2\/pages\/10463"}],"collection":[{"href":"https:\/\/www.roldan.gov.ar\/wp\/wp-json\/wp\/v2\/pages"}],"about":[{"href":"https:\/\/www.roldan.gov.ar\/wp\/wp-json\/wp\/v2\/types\/page"}],"author":[{"embeddable":true,"href":"https:\/\/www.roldan.gov.ar\/wp\/wp-json\/wp\/v2\/users\/6"}],"replies":[{"embeddable":true,"href":"https:\/\/www.roldan.gov.ar\/wp\/wp-json\/wp\/v2\/comments?post=10463"}],"version-history":[{"count":3,"href":"https:\/\/www.roldan.gov.ar\/wp\/wp-json\/wp\/v2\/pages\/10463\/revisions"}],"predecessor-version":[{"id":10469,"href":"https:\/\/www.roldan.gov.ar\/wp\/wp-json\/wp\/v2\/pages\/10463\/revisions\/10469"}],"wp:featuredmedia":[{"embeddable":true,"href":"https:\/\/www.roldan.gov.ar\/wp\/wp-json\/wp\/v2\/media\/10160"}],"wp:attachment":[{"href":"https:\/\/www.roldan.gov.ar\/wp\/wp-json\/wp\/v2\/media?parent=10463"}],"curies":[{"name":"wp","href":"https:\/\/api.w.org\/{rel}","templated":true}]}}