{"id":10334,"date":"2024-10-26T14:39:25","date_gmt":"2024-10-26T17:39:25","guid":{"rendered":"https:\/\/www.roldan.gov.ar\/wp\/?page_id=10334"},"modified":"2024-10-28T15:48:52","modified_gmt":"2024-10-28T18:48:52","slug":"mlujanmoreno","status":"publish","type":"page","link":"https:\/\/www.roldan.gov.ar\/wp\/mlujanmoreno\/","title":{"rendered":"Mar\u00eda de Luj\u00e1n Moreno"},"content":{"rendered":"<p>[vc_row][vc_column][vc_column_text]\n<div class=\"wp-block-media-text alignwide has-media-on-the-right is-stacked-on-mobile is-vertically-aligned-center has-background\" style=\"background-color: #f1f5c7;\">\n<div class=\"wp-block-media-text__content\">\n<div class=\"wp-block-group\" style=\"padding: 2em;\">\n<p style=\"font-size: 36px; line-height: 1.2;\"><strong>Mar\u00eda de Luj\u00e1n Moreno<\/strong><\/p>\n<p>Mar\u00eda de Luj\u00e1n Moreno es docente de Nivel Inicial. Poeta y escritora de la ciudad de Rosario, Provincia de Santa Fe. Diplomada en Literatura Infantil y Juvenil, diplomatura organizada por La Sociedad Argentina de Escritores y la Universidad de Villa Mar\u00eda. Realiz\u00f3 el Seminario de Poetolog\u00eda dictado por misma instituci\u00f3n. Particip\u00f3 en diferentes talleres, antolog\u00edas literarias y virtuales. Ha recibido diferentes menciones y distinciones. Public\u00f3 su primer libro de poemas, reflexiones y relatos breves \u201cDelirio de una inspiraci\u00f3n\u201d en el a\u00f1o 2020, el cual fue presentado oficialmente en la Feria del Libro de la ciudad de Rosario en la Sala Beatriz Vallejos del Centro Cultural Roberto Fontanarrosa el 13 de septiembre del 2022. Socia y miembro de SADE (Sociedad Argentina de Escritores), filial Rosario. Particip\u00f3 activamente en el encuentro \u201cLa Palabra Sanlorencina 2024\u201d (mayo 2024) y en la antolog\u00eda \u201cUn faro para los ni\u00f1os\u201d, organizado por la agrupaci\u00f3n cultural \u201cAncestrales\u201d de la localidad de San Lorenzo, provincia de Santa Fe. Considera que la escritura es una forma de revolucionar y transformar el mundo, siendo la expresi\u00f3n viva del arte inmerso en nosotros mismos, con infinitas posibilidades de trascender a trav\u00e9s del tiempo<\/p>\n<p><!-- \/wp:paragraph --><\/p>\n<\/div>\n<p><!-- \/wp:group --><\/p>\n<\/div>\n<figure class=\"wp-block-media-text__media\"><img decoding=\"async\" loading=\"lazy\" class=\"alignnone wp-image-10335 size-medium\" src=\"https:\/\/www.roldan.gov.ar\/wp\/wp-content\/uploads\/2024\/10\/Foto-de-Maria-de-Lujan-Moreno-276x300.png\" alt=\"\" width=\"276\" height=\"300\" srcset=\"https:\/\/www.roldan.gov.ar\/wp\/wp-content\/uploads\/2024\/10\/Foto-de-Maria-de-Lujan-Moreno-276x300.png 276w, https:\/\/www.roldan.gov.ar\/wp\/wp-content\/uploads\/2024\/10\/Foto-de-Maria-de-Lujan-Moreno.png 720w\" sizes=\"(max-width: 276px) 100vw, 276px\" \/><\/figure>\n<\/div>\n<p><!-- \/wp:cover -->[\/vc_column_text][vc_images_carousel images=&#8221;10336&#8243; img_size=&#8221;full&#8221; autoplay=&#8221;yes&#8221; wrap=&#8221;yes&#8221; title=&#8221;Libros del Autor&#8221;][\/vc_column][\/vc_row]\n","protected":false},"excerpt":{"rendered":"<p>[vc_row][vc_column][vc_column_text] Mar\u00eda de Luj\u00e1n Moreno Mar\u00eda de Luj\u00e1n Moreno es docente de Nivel Inicial. Poeta y escritora de la ciudad de Rosario, Provincia de Santa Fe. Diplomada en Literatura Infantil y Juvenil, diplomatura organizada por La Sociedad Argentina de Escritores y la Universidad de Villa Mar\u00eda. Realiz\u00f3 el Seminario de Poetolog\u00eda dictado por misma instituci\u00f3n. [&hellip;]<\/p>\n","protected":false},"author":6,"featured_media":10160,"parent":0,"menu_order":0,"comment_status":"closed","ping_status":"closed","template":"page-templates\/not-boxed-without-title.php","meta":[],"acf":[],"_links":{"self":[{"href":"https:\/\/www.roldan.gov.ar\/wp\/wp-json\/wp\/v2\/pages\/10334"}],"collection":[{"href":"https:\/\/www.roldan.gov.ar\/wp\/wp-json\/wp\/v2\/pages"}],"about":[{"href":"https:\/\/www.roldan.gov.ar\/wp\/wp-json\/wp\/v2\/types\/page"}],"author":[{"embeddable":true,"href":"https:\/\/www.roldan.gov.ar\/wp\/wp-json\/wp\/v2\/users\/6"}],"replies":[{"embeddable":true,"href":"https:\/\/www.roldan.gov.ar\/wp\/wp-json\/wp\/v2\/comments?post=10334"}],"version-history":[{"count":3,"href":"https:\/\/www.roldan.gov.ar\/wp\/wp-json\/wp\/v2\/pages\/10334\/revisions"}],"predecessor-version":[{"id":10441,"href":"https:\/\/www.roldan.gov.ar\/wp\/wp-json\/wp\/v2\/pages\/10334\/revisions\/10441"}],"wp:featuredmedia":[{"embeddable":true,"href":"https:\/\/www.roldan.gov.ar\/wp\/wp-json\/wp\/v2\/media\/10160"}],"wp:attachment":[{"href":"https:\/\/www.roldan.gov.ar\/wp\/wp-json\/wp\/v2\/media?parent=10334"}],"curies":[{"name":"wp","href":"https:\/\/api.w.org\/{rel}","templated":true}]}}