{"id":10329,"date":"2024-10-26T14:29:01","date_gmt":"2024-10-26T17:29:01","guid":{"rendered":"https:\/\/www.roldan.gov.ar\/wp\/?page_id=10329"},"modified":"2024-10-26T14:31:39","modified_gmt":"2024-10-26T17:31:39","slug":"belencastelli","status":"publish","type":"page","link":"https:\/\/www.roldan.gov.ar\/wp\/belencastelli\/","title":{"rendered":"Bel\u00e9n Castelli"},"content":{"rendered":"<p>[vc_row][vc_column][vc_column_text]\r\n<p>.<\/p>\r\n<p>\u00a0<\/p>\r\n\r\n<div class=\"wp-block-media-text alignwide has-media-on-the-right is-stacked-on-mobile is-vertically-aligned-center has-background\" style=\"background-color: #f1f5c7;\">\r\n<div class=\"wp-block-media-text__content\">\r\n<div class=\"is-layout-flow wp-block-group\" style=\"padding: 2em;\"><div class=\"wp-block-group__inner-container\">\r\n<p style=\"font-size: 36px; line-height: 1.2;\"><strong>Bel\u00e9n Castelli<\/strong><\/p>\r\n<p><strong>BIOGRAF\u00cdA BEL CASTELLI<\/strong><\/p>\r\n<p>Bel\u00e9n Castelli (Buenos Aires, 1988) es Lic. En Terapia Ocupacional, graduada de la Universidad de Buenos Aires con diploma de honor.\u00a0 Se desempe\u00f1\u00f3 durante diez a\u00f1os en salud p\u00fablica acompa\u00f1ando infancias y adultos. Diplomada en Medicina Integrativa Transdisciplinaria. Maestra de Reiki Usui e Instructora de Meditaci\u00f3n. Formada en terapia floral y sonora. Docente universitaria. Co-creadora de cursos de posgrado que promueven una mirada integral de la salud. En el a\u00f1o 2022 public\u00f3 su primer cuento infantil, Los Siete Chakritas y el misterio del arco\u00edris, que actualmente cuenta con su versi\u00f3n teatral. Es el primero de una colecci\u00f3n basada en medicina integrativa. A trav\u00e9s de su cuenta de Instagram @bel.castelli brinda informaci\u00f3n sobre pr\u00e1cticas integrativas para el autoconocimiento y el autocuidado multidimensional desde la infancia. Es madre de dos peque\u00f1os grandes maestros, quienes inspiran sus cuentos. Es una apasionada por los misterios de la vida<\/p>\r\n<\/div><\/div>\r\n<\/div>\r\n<figure class=\"wp-block-media-text__media\"><img decoding=\"async\" loading=\"lazy\" class=\"alignnone wp-image-10292 size-medium\" src=\"https:\/\/www.roldan.gov.ar\/wp\/wp-content\/uploads\/2024\/10\/Foto-Bel-Castelli-273x300.png\" alt=\"\" width=\"273\" height=\"300\" srcset=\"https:\/\/www.roldan.gov.ar\/wp\/wp-content\/uploads\/2024\/10\/Foto-Bel-Castelli-273x300.png 273w, https:\/\/www.roldan.gov.ar\/wp\/wp-content\/uploads\/2024\/10\/Foto-Bel-Castelli.png 459w\" sizes=\"(max-width: 273px) 100vw, 273px\" \/><\/figure>\r\n<\/div>\r\n<p>\u00a0<\/p>\r\n<p>[\/vc_column_text][vc_images_carousel images=&#8221;10293&#8243; img_size=&#8221;full&#8221; autoplay=&#8221;yes&#8221; wrap=&#8221;yes&#8221; title=&#8221;Libros del Autor&#8221;][\/vc_column][\/vc_row]","protected":false},"excerpt":{"rendered":"<p>[vc_row][vc_column][vc_column_text] . \u00a0 \u00a0 [\/vc_column_text][vc_images_carousel images=&#8221;10293&#8243; img_size=&#8221;full&#8221; autoplay=&#8221;yes&#8221; wrap=&#8221;yes&#8221; title=&#8221;Libros del Autor&#8221;][\/vc_column][\/vc_row]<\/p>\n","protected":false},"author":6,"featured_media":10160,"parent":0,"menu_order":0,"comment_status":"closed","ping_status":"closed","template":"page-templates\/not-boxed-without-title.php","meta":[],"acf":[],"_links":{"self":[{"href":"https:\/\/www.roldan.gov.ar\/wp\/wp-json\/wp\/v2\/pages\/10329"}],"collection":[{"href":"https:\/\/www.roldan.gov.ar\/wp\/wp-json\/wp\/v2\/pages"}],"about":[{"href":"https:\/\/www.roldan.gov.ar\/wp\/wp-json\/wp\/v2\/types\/page"}],"author":[{"embeddable":true,"href":"https:\/\/www.roldan.gov.ar\/wp\/wp-json\/wp\/v2\/users\/6"}],"replies":[{"embeddable":true,"href":"https:\/\/www.roldan.gov.ar\/wp\/wp-json\/wp\/v2\/comments?post=10329"}],"version-history":[{"count":2,"href":"https:\/\/www.roldan.gov.ar\/wp\/wp-json\/wp\/v2\/pages\/10329\/revisions"}],"predecessor-version":[{"id":10332,"href":"https:\/\/www.roldan.gov.ar\/wp\/wp-json\/wp\/v2\/pages\/10329\/revisions\/10332"}],"wp:featuredmedia":[{"embeddable":true,"href":"https:\/\/www.roldan.gov.ar\/wp\/wp-json\/wp\/v2\/media\/10160"}],"wp:attachment":[{"href":"https:\/\/www.roldan.gov.ar\/wp\/wp-json\/wp\/v2\/media?parent=10329"}],"curies":[{"name":"wp","href":"https:\/\/api.w.org\/{rel}","templated":true}]}}