{"id":10256,"date":"2024-10-26T08:55:45","date_gmt":"2024-10-26T11:55:45","guid":{"rendered":"https:\/\/www.roldan.gov.ar\/wp\/?page_id=10256"},"modified":"2024-12-19T15:59:36","modified_gmt":"2024-12-19T18:59:36","slug":"estrategia-integral","status":"publish","type":"page","link":"https:\/\/www.roldan.gov.ar\/wp\/estrategia-integral\/","title":{"rendered":"Estrategia Integral"},"content":{"rendered":"\n<p>El objetivo principal del programa \u201cOBJETIVO DENGUE\u201d es la implementaci\u00f3n de un intenso programa de descacharrado en toda la ciudad para la eliminaci\u00f3n de criaderos.<\/p>\n\n\n\n<p>La Secretar\u00eda de Salud tiene un rol protag\u00f3nico en este plan, con la creaci\u00f3n de consultorios de febriles para atender espec\u00edficamente a personas que presenten s\u00edntomas compatibles con el dengue, y as\u00ed poder hacer un seguimiento m\u00e1s cercano de estos casos.<\/p>\n\n\n\n<p>Medio Ambiente desarrolla el control de focos (descacharro, neutralizaci\u00f3n y erradicaci\u00f3n), un plan de descacharro por zonas&nbsp; y control de vectores.<\/p>\n\n\n\n<p>Desde Educaci\u00f3n y Cultura se realizan acciones comunicacionales en escuelas, concientizaci\u00f3n, identificaci\u00f3n de medidas preventivas, acciones en redes sociales y capacitaci\u00f3n a docentes.<\/p>\n\n\n\n<p>Seguridad se encarga de impedir la formaci\u00f3n de micro basurales, y de labrar actas en caso de ser necesario.<br><br>Desarrollo Social realiza estrategias de concientizaci\u00f3n, asistencia en caso de emergencias, y acompa\u00f1amiento de enfermos.<\/p>\n\n\n\n<p>Servicios P\u00fablicos triplico sus cuadrillas de desmalezado.<br><br>Entidades Intermedias coordina con los todos actores sociales las campa\u00f1as de cuidado y prevenci\u00f3n.<\/p>\n\n\n\n<!-- TOWNPRESS SITEMAP : begin -->\n<section class=\"lsvr-townpress-sitemap\"\n    >\n    <div class=\"c-content-box lsvr-townpress-sitemap__inner\">\n\n                    <span class=\"lsvr-townpress-sitemap__icon icon-road-sign\"\n                aria-hidden=\"true\"><\/span>\n        \n        \n            <header class=\"lsvr-townpress-sitemap__header\">\n                <h2 class=\"lsvr-townpress-sitemap__title lsvr-townpress-sitemap__title--has-icon\">\n\n                                            <span class=\"lsvr-townpress-sitemap__title-icon icon-road-sign\"\n                            aria-hidden=\"true\"><\/span>\n                    \n                    Objetivo Dengue\n                <\/h2>\n            <\/header>\n\n        \n        \n            <div class=\"lsvr-townpress-sitemap__content\">\n                <nav class=\"lsvr-townpress-sitemap__nav lsvr-townpress-sitemap__nav--1-cols\"\n                                            aria-label=\"Objetivo Dengue\"\n                    >\n\n                    <ul id=\"menu-objetivo-dengue\" class=\"lsvr-townpress-sitemap__list\" role=\"menu\">\n\n            <li class=\"lsvr-townpress-sitemap__item lsvr-townpress-sitemap__item--level-0 menu-item menu-item-type-custom menu-item-object-custom\"\n                role=\"presentation\">\n\n                \n                    <h3 class=\"lsvr-townpress-sitemap__item-title\">\n\n                \n                <a href=\"https:\/\/www.roldan.gov.ar\/wp\/estrategia-integral\/\"\n                    class=\"lsvr-townpress-sitemap__item-link lsvr-townpress-sitemap__item-link--level-0\"\n                    role=\"menuitem\"\n                    >Estrategia Integral<\/a>\n\n                \n                    <\/h3>\n\n                \n            \n            <\/li>\n\n            \n\n            <li class=\"lsvr-townpress-sitemap__item lsvr-townpress-sitemap__item--level-0 menu-item menu-item-type-custom menu-item-object-custom\"\n                role=\"presentation\">\n\n                \n                    <h3 class=\"lsvr-townpress-sitemap__item-title\">\n\n                \n                <a href=\"https:\/\/www.roldan.gov.ar\/wp\/recomendaciones-para-su-prevencion\/\"\n                    class=\"lsvr-townpress-sitemap__item-link lsvr-townpress-sitemap__item-link--level-0\"\n                    role=\"menuitem\"\n                    >Recomendaciones para su prevenci\u00f3n<\/a>\n\n                \n                    <\/h3>\n\n                \n            \n            <\/li>\n\n            \n\n            <li class=\"lsvr-townpress-sitemap__item lsvr-townpress-sitemap__item--level-0 menu-item menu-item-type-custom menu-item-object-custom\"\n                role=\"presentation\">\n\n                \n                    <h3 class=\"lsvr-townpress-sitemap__item-title\">\n\n                \n                <a href=\"https:\/\/www.roldan.gov.ar\/wp\/sintomas\/\"\n                    class=\"lsvr-townpress-sitemap__item-link lsvr-townpress-sitemap__item-link--level-0\"\n                    role=\"menuitem\"\n                    >\u00bfQu\u00e9 hacer ante la aparici\u00f3n de S\u00edntomas?<\/a>\n\n                \n                    <\/h3>\n\n                \n            \n            <\/li>\n\n            \n\n            <li class=\"lsvr-townpress-sitemap__item lsvr-townpress-sitemap__item--level-0 menu-item menu-item-type-custom menu-item-object-custom\"\n                role=\"presentation\">\n\n                \n                    <h3 class=\"lsvr-townpress-sitemap__item-title\">\n\n                \n                <a href=\"https:\/\/www.roldan.gov.ar\/wp\/noticias\/\"\n                    class=\"lsvr-townpress-sitemap__item-link lsvr-townpress-sitemap__item-link--level-0\"\n                    role=\"menuitem\"\n                    >Noticias<\/a>\n\n                \n                    <\/h3>\n\n                \n            \n            <\/li>\n\n            <\/ul>\n                <\/nav>\n            <\/div>\n\n        \n    <\/div>\n<\/section>\n<!-- TOWNPRESS SITEMAP : end -->\n\n","protected":false},"excerpt":{"rendered":"<p>El objetivo principal del programa \u201cOBJETIVO DENGUE\u201d es la implementaci\u00f3n de un intenso programa de descacharrado en toda la ciudad para la eliminaci\u00f3n de criaderos. La Secretar\u00eda de Salud tiene un rol protag\u00f3nico en este plan, con la creaci\u00f3n de consultorios de febriles para atender espec\u00edficamente a personas que presenten s\u00edntomas compatibles con el dengue, [&hellip;]<\/p>\n","protected":false},"author":6,"featured_media":0,"parent":0,"menu_order":0,"comment_status":"closed","ping_status":"closed","template":"","meta":[],"acf":[],"_links":{"self":[{"href":"https:\/\/www.roldan.gov.ar\/wp\/wp-json\/wp\/v2\/pages\/10256"}],"collection":[{"href":"https:\/\/www.roldan.gov.ar\/wp\/wp-json\/wp\/v2\/pages"}],"about":[{"href":"https:\/\/www.roldan.gov.ar\/wp\/wp-json\/wp\/v2\/types\/page"}],"author":[{"embeddable":true,"href":"https:\/\/www.roldan.gov.ar\/wp\/wp-json\/wp\/v2\/users\/6"}],"replies":[{"embeddable":true,"href":"https:\/\/www.roldan.gov.ar\/wp\/wp-json\/wp\/v2\/comments?post=10256"}],"version-history":[{"count":3,"href":"https:\/\/www.roldan.gov.ar\/wp\/wp-json\/wp\/v2\/pages\/10256\/revisions"}],"predecessor-version":[{"id":10884,"href":"https:\/\/www.roldan.gov.ar\/wp\/wp-json\/wp\/v2\/pages\/10256\/revisions\/10884"}],"wp:attachment":[{"href":"https:\/\/www.roldan.gov.ar\/wp\/wp-json\/wp\/v2\/media?parent=10256"}],"curies":[{"name":"wp","href":"https:\/\/api.w.org\/{rel}","templated":true}]}}