{"id":10156,"date":"2024-10-23T18:53:26","date_gmt":"2024-10-23T21:53:26","guid":{"rendered":"https:\/\/www.roldan.gov.ar\/wp\/?page_id=10156"},"modified":"2024-10-23T19:25:32","modified_gmt":"2024-10-23T22:25:32","slug":"mariagraciavillanuevasillato","status":"publish","type":"page","link":"https:\/\/www.roldan.gov.ar\/wp\/mariagraciavillanuevasillato\/","title":{"rendered":"Mar\u00eda Gracia Villanueva Sillato"},"content":{"rendered":"<p>[vc_row][vc_column][vc_column_text].<\/p>\r\n<p>\u00a0<\/p>\r\n\r\n<div class=\"wp-block-media-text alignwide has-media-on-the-right is-stacked-on-mobile is-vertically-aligned-center has-background\" style=\"background-color: #f1f5c7;\">\r\n<div class=\"wp-block-media-text__content\">\r\n<div class=\"is-layout-flow wp-block-group\" style=\"padding: 2em;\"><div class=\"wp-block-group__inner-container\">\r\n<p style=\"font-size: 36px; line-height: 1.2;\"><strong>Mar\u00eda Gracia Villanueva Sillato<\/strong><\/p>\r\n\r\n\r\n\r\n<p class=\"has-extra-small-font-size\">Mar\u00eda Gracia naci\u00f3 en Rosario en el 85, cerquita del R\u00edo Paran\u00e1. Es Madre m\u00faltiple, artista, mujer creadora. Se ha dedicado a proyectos que abrazan la creaci\u00f3n colectiva, la maternidad, el arte y la Cultura<\/p>\r\n<\/div><\/div>\r\n<\/div>\r\n<figure class=\"wp-block-media-text__media\"><img decoding=\"async\" loading=\"lazy\" width=\"306\" height=\"265\" class=\"wp-image-10129 size-full\" src=\"https:\/\/www.roldan.gov.ar\/wp\/wp-content\/uploads\/2024\/10\/Maria-Gracia.png\" alt=\"\" srcset=\"https:\/\/www.roldan.gov.ar\/wp\/wp-content\/uploads\/2024\/10\/Maria-Gracia.png 306w, https:\/\/www.roldan.gov.ar\/wp\/wp-content\/uploads\/2024\/10\/Maria-Gracia-300x260.png 300w\" sizes=\"(max-width: 306px) 100vw, 306px\" \/><\/figure>\r\n<\/div>\r\n<p>[\/vc_column_text][vc_images_carousel images=&#8221;10177&#8243; img_size=&#8221;full&#8221; autoplay=&#8221;yes&#8221; wrap=&#8221;yes&#8221; title=&#8221;Libros del Autor&#8221;][\/vc_column][\/vc_row]","protected":false},"excerpt":{"rendered":"<p>[vc_row][vc_column][vc_column_text]. \u00a0 [\/vc_column_text][vc_images_carousel images=&#8221;10177&#8243; img_size=&#8221;full&#8221; autoplay=&#8221;yes&#8221; wrap=&#8221;yes&#8221; title=&#8221;Libros del Autor&#8221;][\/vc_column][\/vc_row]<\/p>\n","protected":false},"author":6,"featured_media":10160,"parent":0,"menu_order":0,"comment_status":"closed","ping_status":"closed","template":"page-templates\/not-boxed-without-title.php","meta":[],"acf":[],"_links":{"self":[{"href":"https:\/\/www.roldan.gov.ar\/wp\/wp-json\/wp\/v2\/pages\/10156"}],"collection":[{"href":"https:\/\/www.roldan.gov.ar\/wp\/wp-json\/wp\/v2\/pages"}],"about":[{"href":"https:\/\/www.roldan.gov.ar\/wp\/wp-json\/wp\/v2\/types\/page"}],"author":[{"embeddable":true,"href":"https:\/\/www.roldan.gov.ar\/wp\/wp-json\/wp\/v2\/users\/6"}],"replies":[{"embeddable":true,"href":"https:\/\/www.roldan.gov.ar\/wp\/wp-json\/wp\/v2\/comments?post=10156"}],"version-history":[{"count":7,"href":"https:\/\/www.roldan.gov.ar\/wp\/wp-json\/wp\/v2\/pages\/10156\/revisions"}],"predecessor-version":[{"id":10179,"href":"https:\/\/www.roldan.gov.ar\/wp\/wp-json\/wp\/v2\/pages\/10156\/revisions\/10179"}],"wp:featuredmedia":[{"embeddable":true,"href":"https:\/\/www.roldan.gov.ar\/wp\/wp-json\/wp\/v2\/media\/10160"}],"wp:attachment":[{"href":"https:\/\/www.roldan.gov.ar\/wp\/wp-json\/wp\/v2\/media?parent=10156"}],"curies":[{"name":"wp","href":"https:\/\/api.w.org\/{rel}","templated":true}]}}